{"id":421,"date":"2022-04-27T15:47:50","date_gmt":"2022-04-27T15:47:50","guid":{"rendered":"https:\/\/www.elgobiernodelamentira.es\/?page_id=421"},"modified":"2022-04-28T15:38:51","modified_gmt":"2022-04-28T15:38:51","slug":"contacta","status":"publish","type":"page","link":"https:\/\/www.elgobiernodelamentira.es\/index.php\/contacta\/","title":{"rendered":"Contacta"},"content":{"rendered":"<p>[et_pb_section fb_built=\u00bb1&#8243; fullwidth=\u00bbon\u00bb _builder_version=\u00bb4.17.3&#8243; _module_preset=\u00bbdefault\u00bb global_colors_info=\u00bb{}\u00bb][et_pb_fullwidth_header title=\u00bbLA PRESIDENTA\u00bb subhead=\u00bbBEA FANJUL\u00bb header_fullscreen=\u00bbon\u00bb button_one_text=\u00bbCARTA DE LA PRESIDENTA\u00bb button_one_url=\u00bbhttp:\/\/www.elgobiernodelamentira.es\/wp-content\/uploads\/2022\/04\/carta-bea-NNGG.pdf\u00bb content_orientation=\u00bbbottom\u00bb disabled_on=\u00bbon|off|off\u00bb _builder_version=\u00bb4.17.3&#8243; _module_preset=\u00bbdefault\u00bb title_font=\u00bb|600|||||||\u00bb title_text_align=\u00bbleft\u00bb title_font_size=\u00bb27px\u00bb title_letter_spacing=\u00bb4px\u00bb content_text_align=\u00bbcenter\u00bb content_font_size=\u00bb25px\u00bb content_line_height=\u00bb1.4em\u00bb subhead_font=\u00bb|800|||||||\u00bb subhead_font_size=\u00bb68px\u00bb subhead_letter_spacing=\u00bb3px\u00bb subhead_line_height=\u00bb2.5em\u00bb background_image=\u00bbhttp:\/\/www.elgobiernodelamentira.es\/wp-content\/uploads\/2022\/04\/PortadaPerfilBeaFanjul.png\u00bb background_size=\u00bbinitial\u00bb custom_button_one=\u00bbon\u00bb button_one_text_size=\u00bb16px\u00bb button_one_bg_color=\u00bb#5cc6cd\u00bb button_one_border_width=\u00bb0px\u00bb button_one_border_radius=\u00bb46px\u00bb custom_button_two=\u00bbon\u00bb button_two_text_size=\u00bb30px\u00bb button_two_bg_color=\u00bb#5cc6cd\u00bb button_two_border_width=\u00bb0px\u00bb button_two_border_radius=\u00bb46px\u00bb custom_padding=\u00bb||||false|false\u00bb content_text_shadow_style=\u00bbpreset1&#8243; content_text_shadow_color=\u00bb#000000&#8243; subhead_text_shadow_style=\u00bbpreset4&#8243; border_color_all_image=\u00bbRGBA(255,255,255,0)\u00bb global_colors_info=\u00bb{}\u00bb]<\/p>\n<p><span>Lorem ipsum es el texto que se usa habitualmente en dise\u00f1o gr\u00e1fico o de moda en demostraciones de tipograf\u00edas o de borradores de dise\u00f1o para probar el dise\u00f1o visual antes de insertar el texto final.<\/span><\/p>\n<p>[\/et_pb_fullwidth_header][et_pb_fullwidth_header title=\u00bbLA PRESIDENTA\u00bb subhead=\u00bbBEA FANJUL\u00bb header_fullscreen=\u00bbon\u00bb button_one_text=\u00bbCARTA DE LA PRESIDENTA\u00bb button_one_url=\u00bbhttp:\/\/www.elgobiernodelamentira.es\/wp-content\/uploads\/2022\/04\/carta-bea-NNGG.pdf\u00bb content_orientation=\u00bbbottom\u00bb disabled_on=\u00bboff|on|on\u00bb _builder_version=\u00bb4.17.3&#8243; _module_preset=\u00bbdefault\u00bb title_font=\u00bb|600|||||||\u00bb title_text_align=\u00bbleft\u00bb title_font_size=\u00bb33px\u00bb title_letter_spacing=\u00bb4px\u00bb content_text_align=\u00bbcenter\u00bb content_font_size=\u00bb25px\u00bb content_line_height=\u00bb1.4em\u00bb subhead_font=\u00bb|800|||||||\u00bb subhead_font_size=\u00bb48px\u00bb subhead_letter_spacing=\u00bb3px\u00bb subhead_line_height=\u00bb1.4em\u00bb background_image=\u00bbhttp:\/\/www.elgobiernodelamentira.es\/wp-content\/uploads\/2022\/04\/PortadaPerfilBeaFanjul.png\u00bb parallax=\u00bbon\u00bb custom_button_one=\u00bbon\u00bb button_one_text_size=\u00bb16px\u00bb button_one_bg_color=\u00bb#5cc6cd\u00bb button_one_border_width=\u00bb0px\u00bb button_one_border_radius=\u00bb46px\u00bb custom_button_two=\u00bbon\u00bb button_two_text_size=\u00bb30px\u00bb button_two_bg_color=\u00bb#5cc6cd\u00bb button_two_border_width=\u00bb0px\u00bb button_two_border_radius=\u00bb46px\u00bb custom_padding=\u00bb||||false|false\u00bb content_text_shadow_style=\u00bbpreset1&#8243; content_text_shadow_color=\u00bb#000000&#8243; subhead_text_shadow_style=\u00bbpreset4&#8243; border_color_all_image=\u00bbRGBA(255,255,255,0)\u00bb global_colors_info=\u00bb{}\u00bb]<\/p>\n<p><span>Lorem ipsum es el texto que se usa habitualmente en dise\u00f1o gr\u00e1fico o de moda en demostraciones de tipograf\u00edas o de borradores de dise\u00f1o para probar el dise\u00f1o visual antes de insertar el texto final.<\/span><\/p>\n<p>[\/et_pb_fullwidth_header][\/et_pb_section][et_pb_section fb_built=\u00bb1&#8243; _builder_version=\u00bb4.17.3&#8243; _module_preset=\u00bbdefault\u00bb custom_padding=\u00bb0px||1px|||\u00bb hover_enabled=\u00bb0&#8243; global_colors_info=\u00bb{}\u00bb sticky_enabled=\u00bb0&#8243; background_color=\u00bb#17589d\u00bb][et_pb_row _builder_version=\u00bb4.17.3&#8243; _module_preset=\u00bbdefault\u00bb custom_margin=\u00bb-1px|auto||auto||\u00bb custom_padding=\u00bb0px||0px|||\u00bb global_colors_info=\u00bb{}\u00bb][et_pb_column type=\u00bb4_4&#8243; _builder_version=\u00bb4.17.3&#8243; _module_preset=\u00bbdefault\u00bb global_colors_info=\u00bb{}\u00bb][et_pb_video src=\u00bbhttp:\/\/www.elgobiernodelamentira.es\/wp-content\/uploads\/2022\/04\/x2mate.com-Bienvenidos-a-Nuevas-Generaciones.mp4&#8243; _builder_version=\u00bb4.17.3&#8243; _module_preset=\u00bbdefault\u00bb global_colors_info=\u00bb{}\u00bb][\/et_pb_video][\/et_pb_column][\/et_pb_row][\/et_pb_section][et_pb_section fb_built=\u00bb1&#8243; _builder_version=\u00bb4.17.3&#8243; _module_preset=\u00bbdefault\u00bb background_image=\u00bbhttp:\/\/www.elgobiernodelamentira.es\/wp-content\/uploads\/2022\/04\/MANTENTEENCONTACTO.png\u00bb global_colors_info=\u00bb{}\u00bb][et_pb_row column_structure=\u00bb1_2,1_2&#8243; _builder_version=\u00bb4.17.3&#8243; _module_preset=\u00bbdefault\u00bb global_colors_info=\u00bb{}\u00bb][et_pb_column type=\u00bb1_2&#8243; _builder_version=\u00bb4.17.3&#8243; _module_preset=\u00bbdefault\u00bb global_colors_info=\u00bb{}\u00bb][et_pb_text _builder_version=\u00bb4.17.3&#8243; _module_preset=\u00bbdefault\u00bb text_text_color=\u00bb#ffffff\u00bb header_font=\u00bb|800|||||||\u00bb header_text_color=\u00bb#17589d\u00bb global_colors_info=\u00bb{}\u00bb]<\/p>\n<h1><span style=\"color: #000080;\">MANTENTE EN\u00a0<\/span><\/h1>\n<h1><span style=\"color: #000080;\">CONTACTO CON NNGG<\/span><\/h1>\n<p>&nbsp;<\/p>\n<p>Your content goes here. Edit or remove this text inline or in the module Content settings. You can also style every aspect of this content in the module Design settings and even apply custom CSS to this text in the module Advanced settings.<\/p>\n<p>[\/et_pb_text][\/et_pb_column][et_pb_column type=\u00bb1_2&#8243; _builder_version=\u00bb4.17.3&#8243; _module_preset=\u00bbdefault\u00bb global_colors_info=\u00bb{}\u00bb][et_pb_contact_form _builder_version=\u00bb4.17.3&#8243; _module_preset=\u00bbdefault\u00bb _unique_id=\u00bb2b61122c-9f32-4fd5-9cd1-fdb5b1351cc9&#8243; form_field_background_color=\u00bb#FFFFFF\u00bb form_field_text_color=\u00bb#000000&#8243; form_field_focus_background_color=\u00bbRGBA(255,255,255,0)\u00bb background_color=\u00bbRGBA(255,255,255,0)\u00bb background_enable_image=\u00bboff\u00bb global_colors_info=\u00bb{}\u00bb][et_pb_contact_field field_id=\u00bbName\u00bb field_title=\u00bbNombre\u00bb _builder_version=\u00bb4.17.3&#8243; global_colors_info=\u00bb{}\u00bb button_text_size__hover_enabled=\u00bboff\u00bb button_one_text_size__hover_enabled=\u00bboff\u00bb button_two_text_size__hover_enabled=\u00bboff\u00bb button_text_color__hover_enabled=\u00bboff\u00bb button_one_text_color__hover_enabled=\u00bboff\u00bb button_two_text_color__hover_enabled=\u00bboff\u00bb button_border_width__hover_enabled=\u00bboff\u00bb button_one_border_width__hover_enabled=\u00bboff\u00bb button_two_border_width__hover_enabled=\u00bboff\u00bb button_border_color__hover_enabled=\u00bboff\u00bb button_one_border_color__hover_enabled=\u00bboff\u00bb button_two_border_color__hover_enabled=\u00bboff\u00bb button_border_radius__hover_enabled=\u00bboff\u00bb button_one_border_radius__hover_enabled=\u00bboff\u00bb button_two_border_radius__hover_enabled=\u00bboff\u00bb button_letter_spacing__hover_enabled=\u00bboff\u00bb button_one_letter_spacing__hover_enabled=\u00bboff\u00bb button_two_letter_spacing__hover_enabled=\u00bboff\u00bb button_bg_color__hover_enabled=\u00bboff\u00bb button_one_bg_color__hover_enabled=\u00bboff\u00bb button_two_bg_color__hover_enabled=\u00bboff\u00bb][\/et_pb_contact_field][et_pb_contact_field field_id=\u00bbEmail\u00bb field_title=\u00bbDirecci\u00f3n de correo electr\u00f3nico\u00bb field_type=\u00bbemail\u00bb _builder_version=\u00bb4.17.3&#8243; global_colors_info=\u00bb{}\u00bb button_text_size__hover_enabled=\u00bboff\u00bb button_one_text_size__hover_enabled=\u00bboff\u00bb button_two_text_size__hover_enabled=\u00bboff\u00bb button_text_color__hover_enabled=\u00bboff\u00bb button_one_text_color__hover_enabled=\u00bboff\u00bb button_two_text_color__hover_enabled=\u00bboff\u00bb button_border_width__hover_enabled=\u00bboff\u00bb button_one_border_width__hover_enabled=\u00bboff\u00bb button_two_border_width__hover_enabled=\u00bboff\u00bb button_border_color__hover_enabled=\u00bboff\u00bb button_one_border_color__hover_enabled=\u00bboff\u00bb button_two_border_color__hover_enabled=\u00bboff\u00bb button_border_radius__hover_enabled=\u00bboff\u00bb button_one_border_radius__hover_enabled=\u00bboff\u00bb button_two_border_radius__hover_enabled=\u00bboff\u00bb button_letter_spacing__hover_enabled=\u00bboff\u00bb button_one_letter_spacing__hover_enabled=\u00bboff\u00bb button_two_letter_spacing__hover_enabled=\u00bboff\u00bb button_bg_color__hover_enabled=\u00bboff\u00bb button_one_bg_color__hover_enabled=\u00bboff\u00bb button_two_bg_color__hover_enabled=\u00bboff\u00bb][\/et_pb_contact_field][et_pb_contact_field field_id=\u00bbMessage\u00bb field_title=\u00bbMensaje\u00bb field_type=\u00bbtext\u00bb fullwidth_field=\u00bbon\u00bb _builder_version=\u00bb4.17.3&#8243; global_colors_info=\u00bb{}\u00bb button_text_size__hover_enabled=\u00bboff\u00bb button_one_text_size__hover_enabled=\u00bboff\u00bb button_two_text_size__hover_enabled=\u00bboff\u00bb button_text_color__hover_enabled=\u00bboff\u00bb button_one_text_color__hover_enabled=\u00bboff\u00bb button_two_text_color__hover_enabled=\u00bboff\u00bb button_border_width__hover_enabled=\u00bboff\u00bb button_one_border_width__hover_enabled=\u00bboff\u00bb button_two_border_width__hover_enabled=\u00bboff\u00bb button_border_color__hover_enabled=\u00bboff\u00bb button_one_border_color__hover_enabled=\u00bboff\u00bb button_two_border_color__hover_enabled=\u00bboff\u00bb button_border_radius__hover_enabled=\u00bboff\u00bb button_one_border_radius__hover_enabled=\u00bboff\u00bb button_two_border_radius__hover_enabled=\u00bboff\u00bb button_letter_spacing__hover_enabled=\u00bboff\u00bb button_one_letter_spacing__hover_enabled=\u00bboff\u00bb button_two_letter_spacing__hover_enabled=\u00bboff\u00bb button_bg_color__hover_enabled=\u00bboff\u00bb button_one_bg_color__hover_enabled=\u00bboff\u00bb button_two_bg_color__hover_enabled=\u00bboff\u00bb][\/et_pb_contact_field][\/et_pb_contact_form][\/et_pb_column][\/et_pb_row][\/et_pb_section]<\/p>\n","protected":false},"excerpt":{"rendered":"<p>Lorem ipsum es el texto que se usa habitualmente en dise\u00f1o gr\u00e1fico o de moda en demostraciones de tipograf\u00edas o de borradores de dise\u00f1o para probar el dise\u00f1o visual antes de insertar el texto final.Lorem ipsum es el texto que se usa habitualmente en dise\u00f1o gr\u00e1fico o de moda en demostraciones de tipograf\u00edas o de [&hellip;]<\/p>\n","protected":false},"author":1,"featured_media":0,"parent":0,"menu_order":0,"comment_status":"closed","ping_status":"closed","template":"","meta":{"_et_pb_use_builder":"on","_et_pb_old_content":"","_et_gb_content_width":"","footnotes":""},"class_list":["post-421","page","type-page","status-publish","hentry"],"_links":{"self":[{"href":"https:\/\/www.elgobiernodelamentira.es\/index.php\/wp-json\/wp\/v2\/pages\/421","targetHints":{"allow":["GET"]}}],"collection":[{"href":"https:\/\/www.elgobiernodelamentira.es\/index.php\/wp-json\/wp\/v2\/pages"}],"about":[{"href":"https:\/\/www.elgobiernodelamentira.es\/index.php\/wp-json\/wp\/v2\/types\/page"}],"author":[{"embeddable":true,"href":"https:\/\/www.elgobiernodelamentira.es\/index.php\/wp-json\/wp\/v2\/users\/1"}],"replies":[{"embeddable":true,"href":"https:\/\/www.elgobiernodelamentira.es\/index.php\/wp-json\/wp\/v2\/comments?post=421"}],"version-history":[{"count":8,"href":"https:\/\/www.elgobiernodelamentira.es\/index.php\/wp-json\/wp\/v2\/pages\/421\/revisions"}],"predecessor-version":[{"id":575,"href":"https:\/\/www.elgobiernodelamentira.es\/index.php\/wp-json\/wp\/v2\/pages\/421\/revisions\/575"}],"wp:attachment":[{"href":"https:\/\/www.elgobiernodelamentira.es\/index.php\/wp-json\/wp\/v2\/media?parent=421"}],"curies":[{"name":"wp","href":"https:\/\/api.w.org\/{rel}","templated":true}]}}